{"id":2,"date":"2015-09-16T04:24:25","date_gmt":"2015-09-16T04:24:25","guid":{"rendered":"http:\/\/wp431m.a10-52-158-154.qa.plesk.ru\/wordpress\/?page_id=2"},"modified":"2022-12-19T08:38:41","modified_gmt":"2022-12-19T08:38:41","slug":"sample-page","status":"publish","type":"page","link":"https:\/\/verena-maser.de\/wordpress\/","title":{"rendered":"Dr. Verena Maser"},"content":{"rendered":"<p><strong><span style=\"color: #6c2c2f;\">Spezalistin f\u00fcr Ernstes und <a href=\"https:\/\/www.lightsdownlow.de\/pressespiegel#&amp;gid=1689057028&amp;pid=1\" target=\"_blank\" rel=\"noopener\">&#8222;freifliegenden Quatsch&#8220;<\/a><\/span><\/strong>.<\/p>\n<p>Ich bin<\/p>\n<ul>\n<li><a href=\"https:\/\/verena-maser.de\/wordpress\/uebersetzungen\/\" target=\"_blank\" rel=\"noopener\">\u00dcbersetzerin<\/a> von Japanisch nach Deutsch<\/li>\n<li><a href=\"https:\/\/verena-maser.de\/wordpress\/texte-und-vortraege\/\" target=\"_blank\" rel=\"noopener\">Expertin<\/a> f\u00fcr Manga, Comics und japanische Popkultur<\/li>\n<li><a href=\"https:\/\/verena-maser.de\/wordpress\/fiktionales\/\" target=\"_blank\" rel=\"noopener\">Autorin<\/a> f\u00fcr H\u00f6rspiel und Theater<\/li>\n<li><a href=\"https:\/\/verena-maser.de\/wordpress\/dolmetschen\/\" target=\"_blank\" rel=\"noopener\">Dolmetscherin<\/a> Japanisch &#8211; Deutsch<\/li>\n<\/ul>\n<p><a href=\"https:\/\/verena-maser.de\/wordpress\/ueber-mich\/\" target=\"_blank\" rel=\"noopener\">Und noch vieles mehr<\/a><\/p>\n<p>Interesse? Dann nehmen Sie <a href=\"http:\/\/verena-maser.de\/wordpress\/?page_id=15\">Kontakt<\/a> mit mir auf.<\/p>\n<p>Ich freue mich auf unsere Zusammenarbeit!<\/p>\n","protected":false},"excerpt":{"rendered":"<p>Spezalistin f\u00fcr Ernstes und &#8222;freifliegenden Quatsch&#8220;. Ich bin \u00dcbersetzerin von Japanisch nach Deutsch Expertin f\u00fcr Manga, Comics und japanische Popkultur Autorin f\u00fcr H\u00f6rspiel und Theater&#8230;<\/p>\n<div class=\"more-link-wrapper\"><a class=\"more-link\" href=\"https:\/\/verena-maser.de\/wordpress\/\">Weiterlesen<span class=\"screen-reader-text\">Dr. Verena Maser<\/span><\/a><\/div>\n","protected":false},"author":1,"featured_media":0,"parent":0,"menu_order":0,"comment_status":"closed","ping_status":"open","template":"","meta":{"footnotes":""},"class_list":["post-2","page","type-page","status-publish","hentry","entry"],"_links":{"self":[{"href":"https:\/\/verena-maser.de\/wordpress\/wp-json\/wp\/v2\/pages\/2","targetHints":{"allow":["GET"]}}],"collection":[{"href":"https:\/\/verena-maser.de\/wordpress\/wp-json\/wp\/v2\/pages"}],"about":[{"href":"https:\/\/verena-maser.de\/wordpress\/wp-json\/wp\/v2\/types\/page"}],"author":[{"embeddable":true,"href":"https:\/\/verena-maser.de\/wordpress\/wp-json\/wp\/v2\/users\/1"}],"replies":[{"embeddable":true,"href":"https:\/\/verena-maser.de\/wordpress\/wp-json\/wp\/v2\/comments?post=2"}],"version-history":[{"count":17,"href":"https:\/\/verena-maser.de\/wordpress\/wp-json\/wp\/v2\/pages\/2\/revisions"}],"predecessor-version":[{"id":461,"href":"https:\/\/verena-maser.de\/wordpress\/wp-json\/wp\/v2\/pages\/2\/revisions\/461"}],"wp:attachment":[{"href":"https:\/\/verena-maser.de\/wordpress\/wp-json\/wp\/v2\/media?parent=2"}],"curies":[{"name":"wp","href":"https:\/\/api.w.org\/{rel}","templated":true}]}}