{"id":393,"date":"2022-04-04T15:18:18","date_gmt":"2022-04-04T15:18:18","guid":{"rendered":"https:\/\/verena-maser.de\/wordpress\/?page_id=393"},"modified":"2026-04-02T14:03:32","modified_gmt":"2026-04-02T14:03:32","slug":"fiktionales","status":"publish","type":"page","link":"https:\/\/verena-maser.de\/wordpress\/fiktionales\/","title":{"rendered":"Fiktionales"},"content":{"rendered":"<p>Seit 2017 schreibe ich als Autorin H\u00f6rspiele und Theaterst\u00fccke f\u00fcr den Verein <a href=\"https:\/\/www.lightsdownlow.de\" target=\"_blank\" rel=\"noopener\">LightsDownLow e.V<\/a>. (F\u00fcrth) und bin gelegentlich auch selbst zu h\u00f6ren \/ auf der B\u00fchne zu sehen. Bisherige Arbeiten (Stand: Januar 2026):<\/p>\n<h1><span style=\"color: #6c2c2f;\">H\u00f6rspiele<\/span><\/h1>\n<p>TBA, 2026<\/p>\n<p>Drehbuch von <em>Hinterland<\/em> f\u00fcr die Live-Show <em>Stimmen aus dem Dunkel: Legenden<\/em> (Fr\u00fchjahr 2026)<\/p>\n<p>Drehbuch von <em>Harry Hill und der Todesvulkan<\/em> f\u00fcr die Live-Show <em>Stimmen aus dem Dunkel <\/em>(2025), Aufzeichnung TBA<\/p>\n<p>Drehbuch von <em>Glaube Kriege Hoffnung<\/em> (2024), Aufnahme bei <a href=\"https:\/\/lightsdownlowde.bandcamp.com\/album\/glaube-kriege-hoffnung\" target=\"_blank\" rel=\"noopener\">bandcamp<\/a><\/p>\n<p>Drehbuch von <em>Danke f\u00fcr deine Treue <\/em>f\u00fcr die Live-Show <em>Die XIII. Stunde <\/em>(2023), Aufzeichnung TBA<\/p>\n<p>Drehb\u00fccher f\u00fcr die Live-Show <em>Schwarzer Fr\u00fchling<\/em> (2023)<\/p>\n<ul>\n<li><em>Geschichten von Maponos: Faltbar<\/em>, Aufzeichnung bei <a href=\"https:\/\/lightsdownlowde.bandcamp.com\/track\/geschichten-von-maponos-faltbar\" target=\"_blank\" rel=\"noopener\">bandcamp<\/a><\/li>\n<li><em>Subs 2: Horizont der Schatten<\/em>, Aufzeichnung bei <a href=\"https:\/\/lightsdownlowde.bandcamp.com\/track\/subs-horizont-der-schatten\" target=\"_blank\" rel=\"noopener\">bandcamp<\/a><\/li>\n<\/ul>\n<p>Co-Drehbuch und Rolle des Dispatcher bei der H\u00f6rspielreihe <em>Der Flug der Nightingale<\/em> (2022)<\/p>\n<ul>\n<li>Episode 1: <em>Die Taifune von Titan<\/em> bei <a href=\"https:\/\/lightsdownlowde.bandcamp.com\/album\/die-taifune-von-titan\" target=\"_blank\" rel=\"noopener\">bandcamp<\/a><\/li>\n<li>Episode 2: <em>Im Spa auf dem Mars <\/em> bei <a href=\"https:\/\/lightsdownlowde.bandcamp.com\/album\/im-spa-auf-dem-mars\" target=\"_blank\" rel=\"noopener\">bandcamp<\/a><\/li>\n<\/ul>\n<p>Rolle der Kim im Live-H\u00f6rspiel <em>Ausschlag gebend<\/em> f\u00fcr die Live-Show <em>Der sch\u00f6ne Schrecken<\/em>, August \/ Oktober 2021, <a href=\"https:\/\/www.youtube.com\/watch?v=EBWc6Hej-q4\" target=\"_blank\" rel=\"noopener\">Aufzeichnung<\/a><\/p>\n<p>Drehbuch und Rolle der Moderatorin bei <em>Der Kuss der Muse<\/em> (2019), Aufnahme bei <a href=\"https:\/\/lightsdownlowde.bandcamp.com\/album\/der-kuss-der-muse\" target=\"_blank\" rel=\"noopener\">bandcamp<\/a><\/p>\n<p>Drehbuch und Co-Regie beim H\u00f6rspiel <em>Erleuchtung<\/em> f\u00fcr <em>Geschichten aus dem E-Space<\/em> (2018), Aufnahme bei <a href=\"https:\/\/lightsdownlowde.bandcamp.com\/album\/erleuchtung\" target=\"_blank\" rel=\"noopener\">bandcamp<\/a><\/p>\n<h1><\/h1>\n<h1><span style=\"color: #6c2c2f;\">Theater<\/span><\/h1>\n<p>Buch und Produktion bei <em>Deep Cuts<\/em>, September 2026<\/p>\n<p>Co-Drehbuch und Rollen als Chantalle, Hamlet und Magda beim Musical <a href=\"https:\/\/www.lightsdownlow.de\/endstation\" target=\"_blank\" rel=\"noopener\"><em>Endstation<\/em><\/a>, September 2024<\/p>\n<p>Hauptrolle der Iahel Nimoy im Theaterst\u00fcck <a href=\"https:\/\/www.lightsdownlow.de\/der-fall-des-einsamen-leutnants\" target=\"_blank\" rel=\"noopener\"><em>Der Fall des einsamen Leutnants<\/em><\/a>, September 2023<\/p>\n<p>Co-Drehbuch und Rollen als Laurenzius, Craig und Henriette beim Musical <a href=\"https:\/\/www.lightsdownlow.de\/frau-luna-hat-besuch\" target=\"_blank\" rel=\"noopener\"><em>Frau Luna hat Besuch<\/em><\/a>, August 2022<\/p>\n","protected":false},"excerpt":{"rendered":"<p>Seit 2017 schreibe ich als Autorin H\u00f6rspiele und Theaterst\u00fccke f\u00fcr den Verein LightsDownLow e.V. (F\u00fcrth) und bin gelegentlich auch selbst zu h\u00f6ren \/ auf der&#8230;<\/p>\n<div class=\"more-link-wrapper\"><a class=\"more-link\" href=\"https:\/\/verena-maser.de\/wordpress\/fiktionales\/\">Weiterlesen<span class=\"screen-reader-text\">Fiktionales<\/span><\/a><\/div>\n","protected":false},"author":1,"featured_media":0,"parent":0,"menu_order":5,"comment_status":"closed","ping_status":"closed","template":"","meta":{"footnotes":""},"class_list":["post-393","page","type-page","status-publish","hentry","entry"],"_links":{"self":[{"href":"https:\/\/verena-maser.de\/wordpress\/wp-json\/wp\/v2\/pages\/393","targetHints":{"allow":["GET"]}}],"collection":[{"href":"https:\/\/verena-maser.de\/wordpress\/wp-json\/wp\/v2\/pages"}],"about":[{"href":"https:\/\/verena-maser.de\/wordpress\/wp-json\/wp\/v2\/types\/page"}],"author":[{"embeddable":true,"href":"https:\/\/verena-maser.de\/wordpress\/wp-json\/wp\/v2\/users\/1"}],"replies":[{"embeddable":true,"href":"https:\/\/verena-maser.de\/wordpress\/wp-json\/wp\/v2\/comments?post=393"}],"version-history":[{"count":25,"href":"https:\/\/verena-maser.de\/wordpress\/wp-json\/wp\/v2\/pages\/393\/revisions"}],"predecessor-version":[{"id":627,"href":"https:\/\/verena-maser.de\/wordpress\/wp-json\/wp\/v2\/pages\/393\/revisions\/627"}],"wp:attachment":[{"href":"https:\/\/verena-maser.de\/wordpress\/wp-json\/wp\/v2\/media?parent=393"}],"curies":[{"name":"wp","href":"https:\/\/api.w.org\/{rel}","templated":true}]}}